{"id":153,"date":"2020-10-14T12:25:27","date_gmt":"2020-10-14T10:25:27","guid":{"rendered":"http:\/\/parc-montpellier.ms.decms.eu\/?page_id=153"},"modified":"2020-10-15T12:18:15","modified_gmt":"2020-10-15T10:18:15","slug":"bienvenidos-a-le-parc","status":"publish","type":"page","link":"https:\/\/www.hotelduparc-montpellier.com\/es\/","title":{"rendered":"Bienvenidos a Le Parc"},"content":{"rendered":"<p style=\"text-align: center;\">En Montpellier, el hotel Le Parc te recibe a poca distancia del canal Verdanson, junto al centro hist\u00f3rico.<br \/>\nNuestro hotel de encanto te ofrece una ubicaci\u00f3n ideal entre Beaux-Arts, Boutonnet y Albert 1er.<br \/>\nTe alojar\u00e1s en un barrio c\u00e9ntrico, tranquilo, perfectamente comunicado, que ha sabido conservar todo el encanto de anta\u00f1o.<br \/>\nA dos pasos de los monumentos m\u00e1s bonitos de Montpellier, visita la ciudad, sus museos y disfruta de la animaci\u00f3n de la zona antigua.<br \/>\nPenetra en este hotel particular de Languedoc herencia del siglo XIX.<br \/>\nDesde entonces, en este lugar ha habitado sin interrupci\u00f3n la familia del Conde Viviers de Chatelard.<\/p>\n<p style=\"text-align: center;\">Ha sido restaurado con gusto y se ha convertido en un hotel con encanto.<br \/>\nSus muros gruesos preservan toda la intimidad de la casa.<br \/>\nLa terraza es el lugar ideal para tomar el desayuno con la luz matinal.<\/p>\n<p style=\"text-align: center;\">Pasa, <strong>est\u00e1s en tu casa<\/strong>, te recibiremos entre amigos con calidez y una sonrisa.<\/p>\n<p>&nbsp;<\/p>\n<p style=\"text-align: center;\"><img loading=\"lazy\" decoding=\"async\" class=\"wp-image-125 aligncenter\" src=\"https:\/\/parc-montpellier.ms.decms.eu\/wp-content\/uploads\/sites\/173\/2020\/06\/QL-TOURISME.png\" alt=\"\" width=\"200\" height=\"133\" \/> <img loading=\"lazy\" decoding=\"async\" class=\"wp-image-124 aligncenter\" src=\"https:\/\/parc-montpellier.ms.decms.eu\/wp-content\/uploads\/sites\/173\/2020\/06\/OCCITANIE.png\" alt=\"\" width=\"126\" height=\"127\" srcset=\"https:\/\/www.hotelduparc-montpellier.com\/wp-content\/uploads\/sites\/173\/2020\/06\/OCCITANIE.png 225w, https:\/\/www.hotelduparc-montpellier.com\/wp-content\/uploads\/sites\/173\/2020\/06\/OCCITANIE-150x150.png 150w\" sizes=\"auto, (max-width: 126px) 100vw, 126px\" \/><\/p>\n<p>c<\/p>\n","protected":false},"excerpt":{"rendered":"<p>En Montpellier, el hotel Le Parc te recibe a poca distancia del canal Verdanson, junto al centro hist\u00f3rico. Nuestro hotel de encanto te ofrece una ubicaci\u00f3n ideal entre Beaux-Arts, Boutonnet y Albert 1er. Te alojar\u00e1s en un barrio c\u00e9ntrico, tranquilo, perfectamente comunicado, que ha sabido conservar todo el encanto de anta\u00f1o. A dos pasos de [&hellip;]<\/p>\n","protected":false},"author":15,"featured_media":0,"parent":0,"menu_order":0,"comment_status":"closed","ping_status":"closed","template":"","meta":{"footnotes":""},"class_list":["post-153","page","type-page","status-publish","hentry"],"yoast_head":"<!-- This site is optimized with the Yoast SEO plugin v26.9 - https:\/\/yoast.com\/product\/yoast-seo-wordpress\/ -->\n<title>Bienvenidos a Le Parc - Hotel du parc<\/title>\n<meta name=\"robots\" content=\"index, follow, max-snippet:-1, max-image-preview:large, max-video-preview:-1\" \/>\n<link rel=\"canonical\" href=\"https:\/\/www.hotelduparc-montpellier.com\/es\/\" \/>\n<meta property=\"og:locale\" content=\"es_ES\" \/>\n<meta property=\"og:type\" content=\"article\" \/>\n<meta property=\"og:title\" content=\"Bienvenidos a Le Parc - Hotel du parc\" \/>\n<meta property=\"og:description\" content=\"En Montpellier, el hotel Le Parc te recibe a poca distancia del canal Verdanson, junto al centro hist\u00f3rico. Nuestro hotel de encanto te ofrece una ubicaci\u00f3n ideal entre Beaux-Arts, Boutonnet y Albert 1er. Te alojar\u00e1s en un barrio c\u00e9ntrico, tranquilo, perfectamente comunicado, que ha sabido conservar todo el encanto de anta\u00f1o. A dos pasos de [&hellip;]\" \/>\n<meta property=\"og:url\" content=\"https:\/\/www.hotelduparc-montpellier.com\/es\/\" \/>\n<meta property=\"og:site_name\" content=\"Hotel du parc\" \/>\n<meta property=\"article:modified_time\" content=\"2020-10-15T10:18:15+00:00\" \/>\n<meta property=\"og:image\" content=\"https:\/\/parc-montpellier.ms.decms.eu\/wp-content\/uploads\/sites\/173\/2020\/06\/QL-TOURISME.png\" \/>\n<meta name=\"twitter:card\" content=\"summary_large_image\" \/>\n<meta name=\"twitter:label1\" content=\"Tiempo de lectura\" \/>\n\t<meta name=\"twitter:data1\" content=\"1 minuto\" \/>\n<script type=\"application\/ld+json\" class=\"yoast-schema-graph\">{\"@context\":\"https:\/\/schema.org\",\"@graph\":[{\"@type\":\"WebPage\",\"@id\":\"https:\/\/www.hotelduparc-montpellier.com\/es\/\",\"url\":\"https:\/\/www.hotelduparc-montpellier.com\/es\/\",\"name\":\"Bienvenidos a Le Parc - Hotel du parc\",\"isPartOf\":{\"@id\":\"https:\/\/www.hotelduparc-montpellier.com\/es\/#website\"},\"primaryImageOfPage\":{\"@id\":\"https:\/\/www.hotelduparc-montpellier.com\/es\/#primaryimage\"},\"image\":{\"@id\":\"https:\/\/www.hotelduparc-montpellier.com\/es\/#primaryimage\"},\"thumbnailUrl\":\"https:\/\/parc-montpellier.ms.decms.eu\/wp-content\/uploads\/sites\/173\/2020\/06\/QL-TOURISME.png\",\"datePublished\":\"2020-10-14T10:25:27+00:00\",\"dateModified\":\"2020-10-15T10:18:15+00:00\",\"breadcrumb\":{\"@id\":\"https:\/\/www.hotelduparc-montpellier.com\/es\/#breadcrumb\"},\"inLanguage\":\"es\",\"potentialAction\":[{\"@type\":\"ReadAction\",\"target\":[\"https:\/\/www.hotelduparc-montpellier.com\/es\/\"]}]},{\"@type\":\"ImageObject\",\"inLanguage\":\"es\",\"@id\":\"https:\/\/www.hotelduparc-montpellier.com\/es\/#primaryimage\",\"url\":\"https:\/\/parc-montpellier.ms.decms.eu\/wp-content\/uploads\/sites\/173\/2020\/06\/QL-TOURISME.png\",\"contentUrl\":\"https:\/\/parc-montpellier.ms.decms.eu\/wp-content\/uploads\/sites\/173\/2020\/06\/QL-TOURISME.png\"},{\"@type\":\"BreadcrumbList\",\"@id\":\"https:\/\/www.hotelduparc-montpellier.com\/es\/#breadcrumb\",\"itemListElement\":[{\"@type\":\"ListItem\",\"position\":1,\"name\":\"Accueil\",\"item\":\"https:\/\/www.hotelduparc-montpellier.com\/es\/\"},{\"@type\":\"ListItem\",\"position\":2,\"name\":\"Bienvenidos a Le Parc\"}]},{\"@type\":\"WebSite\",\"@id\":\"https:\/\/www.hotelduparc-montpellier.com\/es\/#website\",\"url\":\"https:\/\/www.hotelduparc-montpellier.com\/es\/\",\"name\":\"Hotel du parc\",\"description\":\"\",\"potentialAction\":[{\"@type\":\"SearchAction\",\"target\":{\"@type\":\"EntryPoint\",\"urlTemplate\":\"https:\/\/www.hotelduparc-montpellier.com\/es\/?s={search_term_string}\"},\"query-input\":{\"@type\":\"PropertyValueSpecification\",\"valueRequired\":true,\"valueName\":\"search_term_string\"}}],\"inLanguage\":\"es\"}]}<\/script>\n<!-- \/ Yoast SEO plugin. -->","yoast_head_json":{"title":"Bienvenidos a Le Parc - Hotel du parc","robots":{"index":"index","follow":"follow","max-snippet":"max-snippet:-1","max-image-preview":"max-image-preview:large","max-video-preview":"max-video-preview:-1"},"canonical":"https:\/\/www.hotelduparc-montpellier.com\/es\/","og_locale":"es_ES","og_type":"article","og_title":"Bienvenidos a Le Parc - Hotel du parc","og_description":"En Montpellier, el hotel Le Parc te recibe a poca distancia del canal Verdanson, junto al centro hist\u00f3rico. Nuestro hotel de encanto te ofrece una ubicaci\u00f3n ideal entre Beaux-Arts, Boutonnet y Albert 1er. Te alojar\u00e1s en un barrio c\u00e9ntrico, tranquilo, perfectamente comunicado, que ha sabido conservar todo el encanto de anta\u00f1o. A dos pasos de [&hellip;]","og_url":"https:\/\/www.hotelduparc-montpellier.com\/es\/","og_site_name":"Hotel du parc","article_modified_time":"2020-10-15T10:18:15+00:00","og_image":[{"url":"https:\/\/parc-montpellier.ms.decms.eu\/wp-content\/uploads\/sites\/173\/2020\/06\/QL-TOURISME.png","type":"","width":"","height":""}],"twitter_card":"summary_large_image","twitter_misc":{"Tiempo de lectura":"1 minuto"},"schema":{"@context":"https:\/\/schema.org","@graph":[{"@type":"WebPage","@id":"https:\/\/www.hotelduparc-montpellier.com\/es\/","url":"https:\/\/www.hotelduparc-montpellier.com\/es\/","name":"Bienvenidos a Le Parc - Hotel du parc","isPartOf":{"@id":"https:\/\/www.hotelduparc-montpellier.com\/es\/#website"},"primaryImageOfPage":{"@id":"https:\/\/www.hotelduparc-montpellier.com\/es\/#primaryimage"},"image":{"@id":"https:\/\/www.hotelduparc-montpellier.com\/es\/#primaryimage"},"thumbnailUrl":"https:\/\/parc-montpellier.ms.decms.eu\/wp-content\/uploads\/sites\/173\/2020\/06\/QL-TOURISME.png","datePublished":"2020-10-14T10:25:27+00:00","dateModified":"2020-10-15T10:18:15+00:00","breadcrumb":{"@id":"https:\/\/www.hotelduparc-montpellier.com\/es\/#breadcrumb"},"inLanguage":"es","potentialAction":[{"@type":"ReadAction","target":["https:\/\/www.hotelduparc-montpellier.com\/es\/"]}]},{"@type":"ImageObject","inLanguage":"es","@id":"https:\/\/www.hotelduparc-montpellier.com\/es\/#primaryimage","url":"https:\/\/parc-montpellier.ms.decms.eu\/wp-content\/uploads\/sites\/173\/2020\/06\/QL-TOURISME.png","contentUrl":"https:\/\/parc-montpellier.ms.decms.eu\/wp-content\/uploads\/sites\/173\/2020\/06\/QL-TOURISME.png"},{"@type":"BreadcrumbList","@id":"https:\/\/www.hotelduparc-montpellier.com\/es\/#breadcrumb","itemListElement":[{"@type":"ListItem","position":1,"name":"Accueil","item":"https:\/\/www.hotelduparc-montpellier.com\/es\/"},{"@type":"ListItem","position":2,"name":"Bienvenidos a Le Parc"}]},{"@type":"WebSite","@id":"https:\/\/www.hotelduparc-montpellier.com\/es\/#website","url":"https:\/\/www.hotelduparc-montpellier.com\/es\/","name":"Hotel du parc","description":"","potentialAction":[{"@type":"SearchAction","target":{"@type":"EntryPoint","urlTemplate":"https:\/\/www.hotelduparc-montpellier.com\/es\/?s={search_term_string}"},"query-input":{"@type":"PropertyValueSpecification","valueRequired":true,"valueName":"search_term_string"}}],"inLanguage":"es"}]}},"acf":[],"_links":{"self":[{"href":"https:\/\/www.hotelduparc-montpellier.com\/es\/wp-json\/wp\/v2\/pages\/153","targetHints":{"allow":["GET"]}}],"collection":[{"href":"https:\/\/www.hotelduparc-montpellier.com\/es\/wp-json\/wp\/v2\/pages"}],"about":[{"href":"https:\/\/www.hotelduparc-montpellier.com\/es\/wp-json\/wp\/v2\/types\/page"}],"author":[{"embeddable":true,"href":"https:\/\/www.hotelduparc-montpellier.com\/es\/wp-json\/wp\/v2\/users\/15"}],"replies":[{"embeddable":true,"href":"https:\/\/www.hotelduparc-montpellier.com\/es\/wp-json\/wp\/v2\/comments?post=153"}],"version-history":[{"count":0,"href":"https:\/\/www.hotelduparc-montpellier.com\/es\/wp-json\/wp\/v2\/pages\/153\/revisions"}],"wp:attachment":[{"href":"https:\/\/www.hotelduparc-montpellier.com\/es\/wp-json\/wp\/v2\/media?parent=153"}],"curies":[{"name":"wp","href":"https:\/\/api.w.org\/{rel}","templated":true}]}}