{"id":166,"date":"2020-10-14T16:13:05","date_gmt":"2020-10-14T14:13:05","guid":{"rendered":"http:\/\/parc-montpellier.ms.decms.eu\/?page_id=166"},"modified":"2020-10-14T16:26:36","modified_gmt":"2020-10-14T14:26:36","slug":"descubre-montpellier","status":"publish","type":"page","link":"https:\/\/www.hotelduparc-montpellier.com\/es\/descubre-montpellier\/","title":{"rendered":"Descubre Montpellier"},"content":{"rendered":"<p>Montpellier, capital de la regi\u00f3n, impresiona por su dinamismo. Ba\u00f1ada por la suave luz mediterr\u00e1nea, sus barrios antiguos y sus magn\u00edficos jardines son una delicia para pasear durante el d\u00eda, mientras que los teatros, cines y \u00f3peras animan la noche.<\/p>\n<p>En pleno crecimiento, la ciudad, que perpet\u00faa su vocaci\u00f3n ancestral por la medicina y la investigaci\u00f3n, se est\u00e1 transformando, dando lugar a nuevos barrios con una arquitectura atrevida.<\/p>\n<p>Debido a su poblaci\u00f3n estudiantil, las terrazas de los caf\u00e9s est\u00e1n llenas, mientras que el aire h\u00famedo salino anuncia el mar cercano.<\/p>\n","protected":false},"excerpt":{"rendered":"<p>Montpellier, capital de la regi\u00f3n, impresiona por su dinamismo. Ba\u00f1ada por la suave luz mediterr\u00e1nea, sus barrios antiguos y sus magn\u00edficos jardines son una delicia para pasear durante el d\u00eda, mientras que los teatros, cines y \u00f3peras animan la noche. En pleno crecimiento, la ciudad, que perpet\u00faa su vocaci\u00f3n ancestral por la medicina y la [&hellip;]<\/p>\n","protected":false},"author":15,"featured_media":0,"parent":0,"menu_order":0,"comment_status":"closed","ping_status":"closed","template":"","meta":{"footnotes":""},"class_list":["post-166","page","type-page","status-publish","hentry"],"yoast_head":"<!-- This site is optimized with the Yoast SEO plugin v26.9 - https:\/\/yoast.com\/product\/yoast-seo-wordpress\/ -->\n<title>Descubre Montpellier - Hotel du parc<\/title>\n<meta name=\"robots\" content=\"index, follow, max-snippet:-1, max-image-preview:large, max-video-preview:-1\" \/>\n<link rel=\"canonical\" href=\"https:\/\/www.hotelduparc-montpellier.com\/es\/descubre-montpellier\/\" \/>\n<meta property=\"og:locale\" content=\"es_ES\" \/>\n<meta property=\"og:type\" content=\"article\" \/>\n<meta property=\"og:title\" content=\"Descubre Montpellier - Hotel du parc\" \/>\n<meta property=\"og:description\" content=\"Montpellier, capital de la regi\u00f3n, impresiona por su dinamismo. Ba\u00f1ada por la suave luz mediterr\u00e1nea, sus barrios antiguos y sus magn\u00edficos jardines son una delicia para pasear durante el d\u00eda, mientras que los teatros, cines y \u00f3peras animan la noche. En pleno crecimiento, la ciudad, que perpet\u00faa su vocaci\u00f3n ancestral por la medicina y la [&hellip;]\" \/>\n<meta property=\"og:url\" content=\"https:\/\/www.hotelduparc-montpellier.com\/es\/descubre-montpellier\/\" \/>\n<meta property=\"og:site_name\" content=\"Hotel du parc\" \/>\n<meta property=\"article:modified_time\" content=\"2020-10-14T14:26:36+00:00\" \/>\n<meta name=\"twitter:card\" content=\"summary_large_image\" \/>\n<meta name=\"twitter:label1\" content=\"Tiempo de lectura\" \/>\n\t<meta name=\"twitter:data1\" content=\"1 minuto\" \/>\n<script type=\"application\/ld+json\" class=\"yoast-schema-graph\">{\"@context\":\"https:\/\/schema.org\",\"@graph\":[{\"@type\":\"WebPage\",\"@id\":\"https:\/\/www.hotelduparc-montpellier.com\/es\/descubre-montpellier\/\",\"url\":\"https:\/\/www.hotelduparc-montpellier.com\/es\/descubre-montpellier\/\",\"name\":\"Descubre Montpellier - Hotel du parc\",\"isPartOf\":{\"@id\":\"https:\/\/www.hotelduparc-montpellier.com\/es\/#website\"},\"datePublished\":\"2020-10-14T14:13:05+00:00\",\"dateModified\":\"2020-10-14T14:26:36+00:00\",\"breadcrumb\":{\"@id\":\"https:\/\/www.hotelduparc-montpellier.com\/es\/descubre-montpellier\/#breadcrumb\"},\"inLanguage\":\"es\",\"potentialAction\":[{\"@type\":\"ReadAction\",\"target\":[\"https:\/\/www.hotelduparc-montpellier.com\/es\/descubre-montpellier\/\"]}]},{\"@type\":\"BreadcrumbList\",\"@id\":\"https:\/\/www.hotelduparc-montpellier.com\/es\/descubre-montpellier\/#breadcrumb\",\"itemListElement\":[{\"@type\":\"ListItem\",\"position\":1,\"name\":\"Accueil\",\"item\":\"https:\/\/www.hotelduparc-montpellier.com\/es\/\"},{\"@type\":\"ListItem\",\"position\":2,\"name\":\"Descubre Montpellier\"}]},{\"@type\":\"WebSite\",\"@id\":\"https:\/\/www.hotelduparc-montpellier.com\/es\/#website\",\"url\":\"https:\/\/www.hotelduparc-montpellier.com\/es\/\",\"name\":\"Hotel du parc\",\"description\":\"\",\"potentialAction\":[{\"@type\":\"SearchAction\",\"target\":{\"@type\":\"EntryPoint\",\"urlTemplate\":\"https:\/\/www.hotelduparc-montpellier.com\/es\/?s={search_term_string}\"},\"query-input\":{\"@type\":\"PropertyValueSpecification\",\"valueRequired\":true,\"valueName\":\"search_term_string\"}}],\"inLanguage\":\"es\"}]}<\/script>\n<!-- \/ Yoast SEO plugin. -->","yoast_head_json":{"title":"Descubre Montpellier - Hotel du parc","robots":{"index":"index","follow":"follow","max-snippet":"max-snippet:-1","max-image-preview":"max-image-preview:large","max-video-preview":"max-video-preview:-1"},"canonical":"https:\/\/www.hotelduparc-montpellier.com\/es\/descubre-montpellier\/","og_locale":"es_ES","og_type":"article","og_title":"Descubre Montpellier - Hotel du parc","og_description":"Montpellier, capital de la regi\u00f3n, impresiona por su dinamismo. Ba\u00f1ada por la suave luz mediterr\u00e1nea, sus barrios antiguos y sus magn\u00edficos jardines son una delicia para pasear durante el d\u00eda, mientras que los teatros, cines y \u00f3peras animan la noche. En pleno crecimiento, la ciudad, que perpet\u00faa su vocaci\u00f3n ancestral por la medicina y la [&hellip;]","og_url":"https:\/\/www.hotelduparc-montpellier.com\/es\/descubre-montpellier\/","og_site_name":"Hotel du parc","article_modified_time":"2020-10-14T14:26:36+00:00","twitter_card":"summary_large_image","twitter_misc":{"Tiempo de lectura":"1 minuto"},"schema":{"@context":"https:\/\/schema.org","@graph":[{"@type":"WebPage","@id":"https:\/\/www.hotelduparc-montpellier.com\/es\/descubre-montpellier\/","url":"https:\/\/www.hotelduparc-montpellier.com\/es\/descubre-montpellier\/","name":"Descubre Montpellier - Hotel du parc","isPartOf":{"@id":"https:\/\/www.hotelduparc-montpellier.com\/es\/#website"},"datePublished":"2020-10-14T14:13:05+00:00","dateModified":"2020-10-14T14:26:36+00:00","breadcrumb":{"@id":"https:\/\/www.hotelduparc-montpellier.com\/es\/descubre-montpellier\/#breadcrumb"},"inLanguage":"es","potentialAction":[{"@type":"ReadAction","target":["https:\/\/www.hotelduparc-montpellier.com\/es\/descubre-montpellier\/"]}]},{"@type":"BreadcrumbList","@id":"https:\/\/www.hotelduparc-montpellier.com\/es\/descubre-montpellier\/#breadcrumb","itemListElement":[{"@type":"ListItem","position":1,"name":"Accueil","item":"https:\/\/www.hotelduparc-montpellier.com\/es\/"},{"@type":"ListItem","position":2,"name":"Descubre Montpellier"}]},{"@type":"WebSite","@id":"https:\/\/www.hotelduparc-montpellier.com\/es\/#website","url":"https:\/\/www.hotelduparc-montpellier.com\/es\/","name":"Hotel du parc","description":"","potentialAction":[{"@type":"SearchAction","target":{"@type":"EntryPoint","urlTemplate":"https:\/\/www.hotelduparc-montpellier.com\/es\/?s={search_term_string}"},"query-input":{"@type":"PropertyValueSpecification","valueRequired":true,"valueName":"search_term_string"}}],"inLanguage":"es"}]}},"acf":[],"_links":{"self":[{"href":"https:\/\/www.hotelduparc-montpellier.com\/es\/wp-json\/wp\/v2\/pages\/166","targetHints":{"allow":["GET"]}}],"collection":[{"href":"https:\/\/www.hotelduparc-montpellier.com\/es\/wp-json\/wp\/v2\/pages"}],"about":[{"href":"https:\/\/www.hotelduparc-montpellier.com\/es\/wp-json\/wp\/v2\/types\/page"}],"author":[{"embeddable":true,"href":"https:\/\/www.hotelduparc-montpellier.com\/es\/wp-json\/wp\/v2\/users\/15"}],"replies":[{"embeddable":true,"href":"https:\/\/www.hotelduparc-montpellier.com\/es\/wp-json\/wp\/v2\/comments?post=166"}],"version-history":[{"count":0,"href":"https:\/\/www.hotelduparc-montpellier.com\/es\/wp-json\/wp\/v2\/pages\/166\/revisions"}],"wp:attachment":[{"href":"https:\/\/www.hotelduparc-montpellier.com\/es\/wp-json\/wp\/v2\/media?parent=166"}],"curies":[{"name":"wp","href":"https:\/\/api.w.org\/{rel}","templated":true}]}}