{"id":168,"date":"2020-10-14T18:32:47","date_gmt":"2020-10-14T16:32:47","guid":{"rendered":"http:\/\/parc-montpellier.ms.decms.eu\/?page_id=168"},"modified":"2020-11-13T10:31:17","modified_gmt":"2020-11-13T09:31:17","slug":"aviso-legal","status":"publish","type":"page","link":"https:\/\/www.hotelduparc-montpellier.com\/es\/aviso-legal\/","title":{"rendered":"Aviso legal"},"content":{"rendered":"<p>Vigente a 21\/05\/2020<br \/>\nDe conformidad con lo dispuesto en los art\u00edculos 6-III y 19 de la Ley n\u00b02004-575 del 21 de junio de 2004 de Confianza en la Econom\u00eda Digital, conocida como L.C.E.N., se informa a los usuarios del sitio web <a href=\"http:\/\/www.hotelduparc-montpellier.com\/\" target=\"_blank\" rel=\"noopener noreferrer\" data-saferedirecturl=\"https:\/\/www.google.com\/url?q=http:\/\/www.hotelduparc-montpellier.com\/&amp;source=gmail&amp;ust=1602770904773000&amp;usg=AFQjCNGL6Ym5dDX8JmE7sv-Lr2Jys5zaHw\">www.hotelduparc-montpellier.<wbr \/>com<\/a> del presente aviso legal.<\/p>\n<p>La conexi\u00f3n y la navegaci\u00f3n en el sitio web <a href=\"http:\/\/www.hotelduparc-montpellier.com\/\" target=\"_blank\" rel=\"noopener noreferrer\" data-saferedirecturl=\"https:\/\/www.google.com\/url?q=http:\/\/www.hotelduparc-montpellier.com\/&amp;source=gmail&amp;ust=1602770904773000&amp;usg=AFQjCNGL6Ym5dDX8JmE7sv-Lr2Jys5zaHw\">www.hotelduparc-montpellier.<wbr \/>com<\/a> por parte del usuario implica la aceptaci\u00f3n plena y sin reservas de este aviso legal.<\/p>\n<p>Este est\u00e1 disponible en el sitio web, en el punto \u00abAviso legal\u00bb.<\/p>\n<p><strong>ART\u00cdCULO 1 &#8211; Editor del sitio<\/strong><br \/>\nSociedad:\u00a0SARL H\u00d4TEL DU PARC FAUBOURG BOUTONNET<br \/>\nDirecci\u00f3n postal:\u00a08 Rue Achille B\u00e9g\u00e9, 34090 MONTPELLIER, France<br \/>\nSede social: 8 Rue Achille B\u00e9g\u00e9, 34090 MONTPELLIER France<br \/>\nCelular : +33 (0)4 67 41 16 49<br \/>\nCorreo Electronico : contact@leparc34.fr<br \/>\nN\u00ba SIREN: 807 472 253<br \/>\nN\u00ba SIRET: 807 472 253 000 10<br \/>\nCode APE : 5510Z<br \/>\nCapital social: 650 000\u20ac<br \/>\nN\u00famero de IVA intracomunitario: FR75807472253<br \/>\nDirector de la publicaci\u00f3n: Nicolas Callejon<\/p>\n<p>&nbsp;<\/p>\n<p><strong>ART\u00cdCULO 2 &#8211; Alojamiento<\/strong><br \/>\nEl alojador del sitio es la Sociedad D-EDGE, con sede social en 66 rue des archives &#8211; 75003 Paris. +33 (0) 1 76 44 04 35<\/p>\n<p>&nbsp;<\/p>\n<p><strong>ART\u00cdCULO 3 &#8211; Acceso al sitio<\/strong><br \/>\nEl sitio est\u00e1 accesible desde cualquier lugar, 7 d\u00edas a la semana, 24 horas al d\u00eda, excepto en casos de fuerza mayor, interrupci\u00f3n programada o no programada que pueda surgir de la necesidad de mantenimiento.<\/p>\n<p>En caso de modificaci\u00f3n, interrupci\u00f3n o suspensi\u00f3n de los servicios, el sitio web <a href=\"http:\/\/www.hotelduparc-montpellier.com.fr\/\" target=\"_blank\" rel=\"noopener noreferrer\" data-saferedirecturl=\"https:\/\/www.google.com\/url?q=http:\/\/www.hotelduparc-montpellier.com.fr\/&amp;source=gmail&amp;ust=1602770904773000&amp;usg=AFQjCNEzlq8B6VZYiwGF8X-QWJjCNE6f-w\">www.hotelduparc-montpellier.<wbr \/>com <\/a>no asumir\u00e1 ninguna responsabilidad.<\/p>\n<p>&nbsp;<\/p>\n<p><strong>ART\u00cdCULO 4 &#8211; Recogida de datos<\/strong><br \/>\nEl sitio asegura al usuario una recogida y un tratamiento de los datos personales en el respeto de la privacidad, de conformidad con la ley n\u00b078-17 del 6 de enero de 1978 relativa a la inform\u00e1tica, los ficheros y las libertades. El sitio est\u00e1 declarado en la CNIL.<\/p>\n<p>De conformidad con la Ley francesa de protecci\u00f3n de datos del 6 de enero de 1978, el usuario tiene derecho a acceder, rectificar, eliminar y oponerse a sus datos personales.<\/p>\n<p>El Usuario ejerce este derecho:<br \/>\n\u00b7 por e-mail a la direcci\u00f3n <a href=\"mailto:nc@leparc34.fr\" target=\"_blank\" rel=\"noopener noreferrer\">nc@leparc34.fr<\/a><br \/>\n\u00b7 mediante un formulario de contacto<\/p>\n<p>&nbsp;<\/p>\n<p><strong>ART\u00cdCULO 5 \u2013 Cookies<\/strong><br \/>\nSe informa al usuario de que se puede colocar autom\u00e1ticamente una cookie en su software de navegaci\u00f3n cuando visite el sitio web. Las acepta al navegar por el sitio. Una cookie es un elemento que no permite identificar al Usuario, pero sirve para guardar datos sobre su navegaci\u00f3n en el sitio web. El usuario puede desactivar esta cookie en los ajustes de su software de navegaci\u00f3n.<\/p>\n<p>&nbsp;<\/p>\n<p><strong>ART\u00cdCULO 6 &#8211; Propiedad intelectual<\/strong><br \/>\nTodo uso, reproducci\u00f3n, distribuci\u00f3n, comercializaci\u00f3n, modificaci\u00f3n de la totalidad o parte del sitio <a href=\"http:\/\/www.hotelduparc-montpellier.com\/\" target=\"_blank\" rel=\"noopener noreferrer\" data-saferedirecturl=\"https:\/\/www.google.com\/url?q=http:\/\/www.hotelduparc-montpellier.com\/&amp;source=gmail&amp;ust=1602770904773000&amp;usg=AFQjCNGL6Ym5dDX8JmE7sv-Lr2Jys5zaHw\">www.hotelduparc-montpellier.<wbr \/>com<\/a> sin la autorizaci\u00f3n del Editor est\u00e1 prohibido y puede dar lugar a acciones legales y judiciales previstas en particular en el C\u00f3digo de la Propiedad Intelectual y en el C\u00f3digo Civil.<\/p>\n<p>&nbsp;<\/p>\n<p><strong>ART\u00cdCULO 7 &#8211; Recepci\u00f3n de personas con movilidad reducida<\/strong><br \/>\nLa recepci\u00f3n, el sal\u00f3n, la terraza y las habitaciones de la planta baja del hotel de Le Parc son accesibles para personas con movilidad reducida. Lamentablemente, las habitaciones de los pisos superiores no son accesibles para personas con movilidad reducida.<\/p>\n<p>&nbsp;<\/p>\n<p><strong>ART\u00cdCULO 8 &#8211; Animales de compa\u00f1\u00eda<\/strong><br \/>\nPor razones de higiene, el Hotel Le Parc no acepta animales de compa\u00f1\u00eda.<\/p>\n<p>&nbsp;<\/p>\n<p><strong>ART\u00cdCULO 9 \u2013 Condiciones de reserva y tarifas<\/strong><br \/>\nIMPUESTO TUR\u00cdSTICO: el impuesto tur\u00edstico aplicable no est\u00e1 incluido en la tarifa indicada y se abona a la llegada (en el check-in): 0,99 euros \/ adulto \/ noche.<\/p>\n<p>En caso de no presentarse (sin cancelaci\u00f3n) o de cancelar despu\u00e9s de las 48 horas antes del mediod\u00eda del d\u00eda previsto de llegada, se aplicar\u00e1 una penalizaci\u00f3n del importe total de la primera noche sin posibilidad de reembolso. Se enviar\u00e1 una factura si la solicita a <a href=\"mailto:contact@leparc34.fr\" target=\"_blank\" rel=\"noopener noreferrer\">contact@leparc34.fr<\/a>.<\/p>\n<p>El parking no se puede reservar y no est\u00e1 incluido en la reserva. Las plazas son limitadas y se asignan por orden de llegada.<\/p>\n<p>&nbsp;<\/p>\n<p>INFORMACI\u00d3N:<br \/>\nCheck-in: 14:00 Check-out: 11:00, en caso de no respetar la hora de salida, se podr\u00e1 aplicar una penalizaci\u00f3n de una noche. No se puede acceder en ascensor al 1er y 2\u00ba piso. Al confirmar tu reserva, confirmas que aceptas las condiciones de venta.<\/p>\n<p>&nbsp;<\/p>\n<p><strong>ART\u00cdCULO 10 &#8211; Prohibici\u00f3n de fumar<\/strong><br \/>\nEst\u00e1 prohibido fumar en la totalidad del hotel Le Parc. El hotel Le Parc podr\u00e1 exigir una indemnizaci\u00f3n econ\u00f3mica a los hu\u00e9spedes que no cumplan con esta prohibici\u00f3n, adem\u00e1s de la multa definida por la ley. Fumar en lugares comunes fuera de la ubicaci\u00f3n reservada para ello se castiga con una multa de hasta 450 euros. El vaping en lugares comunes est\u00e1 castigado con una multa de hasta 150 \u20ac.<\/p>\n","protected":false},"excerpt":{"rendered":"<p>Vigente a 21\/05\/2020 De conformidad con lo dispuesto en los art\u00edculos 6-III y 19 de la Ley n\u00b02004-575 del 21 de junio de 2004 de Confianza en la Econom\u00eda Digital, conocida como L.C.E.N., se informa a los usuarios del sitio web www.hotelduparc-montpellier.com del presente aviso legal. La conexi\u00f3n y la navegaci\u00f3n en el sitio web [&hellip;]<\/p>\n","protected":false},"author":15,"featured_media":0,"parent":0,"menu_order":0,"comment_status":"closed","ping_status":"closed","template":"","meta":{"footnotes":""},"class_list":["post-168","page","type-page","status-publish","hentry"],"yoast_head":"<!-- This site is optimized with the Yoast SEO plugin v26.9 - https:\/\/yoast.com\/product\/yoast-seo-wordpress\/ -->\n<title>Aviso legal - Hotel du parc<\/title>\n<meta name=\"robots\" content=\"index, follow, max-snippet:-1, max-image-preview:large, max-video-preview:-1\" \/>\n<link rel=\"canonical\" href=\"https:\/\/www.hotelduparc-montpellier.com\/es\/aviso-legal\/\" \/>\n<meta property=\"og:locale\" content=\"es_ES\" \/>\n<meta property=\"og:type\" content=\"article\" \/>\n<meta property=\"og:title\" content=\"Aviso legal - Hotel du parc\" \/>\n<meta property=\"og:description\" content=\"Vigente a 21\/05\/2020 De conformidad con lo dispuesto en los art\u00edculos 6-III y 19 de la Ley n\u00b02004-575 del 21 de junio de 2004 de Confianza en la Econom\u00eda Digital, conocida como L.C.E.N., se informa a los usuarios del sitio web www.hotelduparc-montpellier.com del presente aviso legal. La conexi\u00f3n y la navegaci\u00f3n en el sitio web [&hellip;]\" \/>\n<meta property=\"og:url\" content=\"https:\/\/www.hotelduparc-montpellier.com\/es\/aviso-legal\/\" \/>\n<meta property=\"og:site_name\" content=\"Hotel du parc\" \/>\n<meta property=\"article:modified_time\" content=\"2020-11-13T09:31:17+00:00\" \/>\n<meta name=\"twitter:card\" content=\"summary_large_image\" \/>\n<meta name=\"twitter:label1\" content=\"Tiempo de lectura\" \/>\n\t<meta name=\"twitter:data1\" content=\"4 minutos\" \/>\n<script type=\"application\/ld+json\" class=\"yoast-schema-graph\">{\"@context\":\"https:\/\/schema.org\",\"@graph\":[{\"@type\":\"WebPage\",\"@id\":\"https:\/\/www.hotelduparc-montpellier.com\/es\/aviso-legal\/\",\"url\":\"https:\/\/www.hotelduparc-montpellier.com\/es\/aviso-legal\/\",\"name\":\"Aviso legal - Hotel du parc\",\"isPartOf\":{\"@id\":\"https:\/\/www.hotelduparc-montpellier.com\/es\/#website\"},\"datePublished\":\"2020-10-14T16:32:47+00:00\",\"dateModified\":\"2020-11-13T09:31:17+00:00\",\"breadcrumb\":{\"@id\":\"https:\/\/www.hotelduparc-montpellier.com\/es\/aviso-legal\/#breadcrumb\"},\"inLanguage\":\"es\",\"potentialAction\":[{\"@type\":\"ReadAction\",\"target\":[\"https:\/\/www.hotelduparc-montpellier.com\/es\/aviso-legal\/\"]}]},{\"@type\":\"BreadcrumbList\",\"@id\":\"https:\/\/www.hotelduparc-montpellier.com\/es\/aviso-legal\/#breadcrumb\",\"itemListElement\":[{\"@type\":\"ListItem\",\"position\":1,\"name\":\"Accueil\",\"item\":\"https:\/\/www.hotelduparc-montpellier.com\/es\/\"},{\"@type\":\"ListItem\",\"position\":2,\"name\":\"Aviso legal\"}]},{\"@type\":\"WebSite\",\"@id\":\"https:\/\/www.hotelduparc-montpellier.com\/es\/#website\",\"url\":\"https:\/\/www.hotelduparc-montpellier.com\/es\/\",\"name\":\"Hotel du parc\",\"description\":\"\",\"potentialAction\":[{\"@type\":\"SearchAction\",\"target\":{\"@type\":\"EntryPoint\",\"urlTemplate\":\"https:\/\/www.hotelduparc-montpellier.com\/es\/?s={search_term_string}\"},\"query-input\":{\"@type\":\"PropertyValueSpecification\",\"valueRequired\":true,\"valueName\":\"search_term_string\"}}],\"inLanguage\":\"es\"}]}<\/script>\n<!-- \/ Yoast SEO plugin. -->","yoast_head_json":{"title":"Aviso legal - Hotel du parc","robots":{"index":"index","follow":"follow","max-snippet":"max-snippet:-1","max-image-preview":"max-image-preview:large","max-video-preview":"max-video-preview:-1"},"canonical":"https:\/\/www.hotelduparc-montpellier.com\/es\/aviso-legal\/","og_locale":"es_ES","og_type":"article","og_title":"Aviso legal - Hotel du parc","og_description":"Vigente a 21\/05\/2020 De conformidad con lo dispuesto en los art\u00edculos 6-III y 19 de la Ley n\u00b02004-575 del 21 de junio de 2004 de Confianza en la Econom\u00eda Digital, conocida como L.C.E.N., se informa a los usuarios del sitio web www.hotelduparc-montpellier.com del presente aviso legal. La conexi\u00f3n y la navegaci\u00f3n en el sitio web [&hellip;]","og_url":"https:\/\/www.hotelduparc-montpellier.com\/es\/aviso-legal\/","og_site_name":"Hotel du parc","article_modified_time":"2020-11-13T09:31:17+00:00","twitter_card":"summary_large_image","twitter_misc":{"Tiempo de lectura":"4 minutos"},"schema":{"@context":"https:\/\/schema.org","@graph":[{"@type":"WebPage","@id":"https:\/\/www.hotelduparc-montpellier.com\/es\/aviso-legal\/","url":"https:\/\/www.hotelduparc-montpellier.com\/es\/aviso-legal\/","name":"Aviso legal - Hotel du parc","isPartOf":{"@id":"https:\/\/www.hotelduparc-montpellier.com\/es\/#website"},"datePublished":"2020-10-14T16:32:47+00:00","dateModified":"2020-11-13T09:31:17+00:00","breadcrumb":{"@id":"https:\/\/www.hotelduparc-montpellier.com\/es\/aviso-legal\/#breadcrumb"},"inLanguage":"es","potentialAction":[{"@type":"ReadAction","target":["https:\/\/www.hotelduparc-montpellier.com\/es\/aviso-legal\/"]}]},{"@type":"BreadcrumbList","@id":"https:\/\/www.hotelduparc-montpellier.com\/es\/aviso-legal\/#breadcrumb","itemListElement":[{"@type":"ListItem","position":1,"name":"Accueil","item":"https:\/\/www.hotelduparc-montpellier.com\/es\/"},{"@type":"ListItem","position":2,"name":"Aviso legal"}]},{"@type":"WebSite","@id":"https:\/\/www.hotelduparc-montpellier.com\/es\/#website","url":"https:\/\/www.hotelduparc-montpellier.com\/es\/","name":"Hotel du parc","description":"","potentialAction":[{"@type":"SearchAction","target":{"@type":"EntryPoint","urlTemplate":"https:\/\/www.hotelduparc-montpellier.com\/es\/?s={search_term_string}"},"query-input":{"@type":"PropertyValueSpecification","valueRequired":true,"valueName":"search_term_string"}}],"inLanguage":"es"}]}},"acf":[],"_links":{"self":[{"href":"https:\/\/www.hotelduparc-montpellier.com\/es\/wp-json\/wp\/v2\/pages\/168","targetHints":{"allow":["GET"]}}],"collection":[{"href":"https:\/\/www.hotelduparc-montpellier.com\/es\/wp-json\/wp\/v2\/pages"}],"about":[{"href":"https:\/\/www.hotelduparc-montpellier.com\/es\/wp-json\/wp\/v2\/types\/page"}],"author":[{"embeddable":true,"href":"https:\/\/www.hotelduparc-montpellier.com\/es\/wp-json\/wp\/v2\/users\/15"}],"replies":[{"embeddable":true,"href":"https:\/\/www.hotelduparc-montpellier.com\/es\/wp-json\/wp\/v2\/comments?post=168"}],"version-history":[{"count":0,"href":"https:\/\/www.hotelduparc-montpellier.com\/es\/wp-json\/wp\/v2\/pages\/168\/revisions"}],"wp:attachment":[{"href":"https:\/\/www.hotelduparc-montpellier.com\/es\/wp-json\/wp\/v2\/media?parent=168"}],"curies":[{"name":"wp","href":"https:\/\/api.w.org\/{rel}","templated":true}]}}