{"id":193,"date":"2020-10-20T18:42:38","date_gmt":"2020-10-20T16:42:38","guid":{"rendered":"http:\/\/parc-montpellier.ms.decms.eu\/?page_id=193"},"modified":"2020-11-16T12:45:27","modified_gmt":"2020-11-16T11:45:27","slug":"come-arrivare","status":"publish","type":"page","link":"https:\/\/www.hotelduparc-montpellier.com\/it\/come-arrivare\/","title":{"rendered":"Come arrivare"},"content":{"rendered":"<p><span style=\"font-weight: 400;\">Grazie alla nostra posizione nel centro di Montpellier potrete raggiungere facilmente la nostra struttura. Ci sono molti modi per arrivare: in aereo all&#8217;aeroporto di Montpellier M\u00e9diterran\u00e9e, in treno alla stazione di St Roch o alla stazione Sud de France. In tram oppure in auto tramite l&#8217;autostrada.<\/span><\/p>\n<p><span style=\"font-weight: 400;\">A Montpellier, l&#8217;H\u00f4tel du Parc vi accoglie a pochi passi dal centro storico. Il nostro affascinante hotel vi offre una posizione ideale: tra Beaux-art, Boutonnet e Place Albert 1. Vivrete in un quartiere centrale, perfettamente servito e che ha mantenuto il suo fascino di un tempo.<\/span><\/p>\n<p><span style=\"font-weight: 400;\">A due passi dai monumenti pi\u00f9 belli di Montpellier, potrete visitate l&#8217;Ecusson ed i suoi musei oltre ai tanti vivaci bar e ristoranti. Vicino al quartiere H\u00f4pitaux-Facult\u00e9s, potrete parcheggiare la vostra auto e prendere il tram per raggiungere facilmente luoghi come: H\u00f4pitaux Lapeyronnie, Gui de Chauliac, Saint Eloi o Clinique Saint Jean.<\/span><\/p>\n","protected":false},"excerpt":{"rendered":"<p>Grazie alla nostra posizione nel centro di Montpellier potrete raggiungere facilmente la nostra struttura. Ci sono molti modi per arrivare: in aereo all&#8217;aeroporto di Montpellier M\u00e9diterran\u00e9e, in treno alla stazione di St Roch o alla stazione Sud de France. In tram oppure in auto tramite l&#8217;autostrada. A Montpellier, l&#8217;H\u00f4tel du Parc vi accoglie a pochi [&hellip;]<\/p>\n","protected":false},"author":15,"featured_media":0,"parent":0,"menu_order":0,"comment_status":"closed","ping_status":"closed","template":"template-location.php","meta":{"footnotes":""},"class_list":["post-193","page","type-page","status-publish","hentry"],"yoast_head":"<!-- This site is optimized with the Yoast SEO plugin v26.9 - https:\/\/yoast.com\/product\/yoast-seo-wordpress\/ -->\n<title>Come arrivare - Hotel du parc<\/title>\n<meta name=\"robots\" content=\"index, follow, max-snippet:-1, max-image-preview:large, max-video-preview:-1\" \/>\n<link rel=\"canonical\" href=\"https:\/\/www.hotelduparc-montpellier.com\/it\/come-arrivare\/\" \/>\n<meta property=\"og:locale\" content=\"it_IT\" \/>\n<meta property=\"og:type\" content=\"article\" \/>\n<meta property=\"og:title\" content=\"Come arrivare - Hotel du parc\" \/>\n<meta property=\"og:description\" content=\"Grazie alla nostra posizione nel centro di Montpellier potrete raggiungere facilmente la nostra struttura. Ci sono molti modi per arrivare: in aereo all&#8217;aeroporto di Montpellier M\u00e9diterran\u00e9e, in treno alla stazione di St Roch o alla stazione Sud de France. In tram oppure in auto tramite l&#8217;autostrada. A Montpellier, l&#8217;H\u00f4tel du Parc vi accoglie a pochi [&hellip;]\" \/>\n<meta property=\"og:url\" content=\"https:\/\/www.hotelduparc-montpellier.com\/it\/come-arrivare\/\" \/>\n<meta property=\"og:site_name\" content=\"Hotel du parc\" \/>\n<meta property=\"article:modified_time\" content=\"2020-11-16T11:45:27+00:00\" \/>\n<meta name=\"twitter:card\" content=\"summary_large_image\" \/>\n<meta name=\"twitter:label1\" content=\"Tempo di lettura stimato\" \/>\n\t<meta name=\"twitter:data1\" content=\"1 minuto\" \/>\n<script type=\"application\/ld+json\" class=\"yoast-schema-graph\">{\"@context\":\"https:\/\/schema.org\",\"@graph\":[{\"@type\":\"WebPage\",\"@id\":\"https:\/\/www.hotelduparc-montpellier.com\/it\/come-arrivare\/\",\"url\":\"https:\/\/www.hotelduparc-montpellier.com\/it\/come-arrivare\/\",\"name\":\"Come arrivare - Hotel du parc\",\"isPartOf\":{\"@id\":\"https:\/\/www.hotelduparc-montpellier.com\/it\/#website\"},\"datePublished\":\"2020-10-20T16:42:38+00:00\",\"dateModified\":\"2020-11-16T11:45:27+00:00\",\"breadcrumb\":{\"@id\":\"https:\/\/www.hotelduparc-montpellier.com\/it\/come-arrivare\/#breadcrumb\"},\"inLanguage\":\"it-IT\",\"potentialAction\":[{\"@type\":\"ReadAction\",\"target\":[\"https:\/\/www.hotelduparc-montpellier.com\/it\/come-arrivare\/\"]}]},{\"@type\":\"BreadcrumbList\",\"@id\":\"https:\/\/www.hotelduparc-montpellier.com\/it\/come-arrivare\/#breadcrumb\",\"itemListElement\":[{\"@type\":\"ListItem\",\"position\":1,\"name\":\"Accueil\",\"item\":\"https:\/\/www.hotelduparc-montpellier.com\/it\/\"},{\"@type\":\"ListItem\",\"position\":2,\"name\":\"Come arrivare\"}]},{\"@type\":\"WebSite\",\"@id\":\"https:\/\/www.hotelduparc-montpellier.com\/it\/#website\",\"url\":\"https:\/\/www.hotelduparc-montpellier.com\/it\/\",\"name\":\"Hotel du parc\",\"description\":\"\",\"potentialAction\":[{\"@type\":\"SearchAction\",\"target\":{\"@type\":\"EntryPoint\",\"urlTemplate\":\"https:\/\/www.hotelduparc-montpellier.com\/it\/?s={search_term_string}\"},\"query-input\":{\"@type\":\"PropertyValueSpecification\",\"valueRequired\":true,\"valueName\":\"search_term_string\"}}],\"inLanguage\":\"it-IT\"}]}<\/script>\n<!-- \/ Yoast SEO plugin. -->","yoast_head_json":{"title":"Come arrivare - Hotel du parc","robots":{"index":"index","follow":"follow","max-snippet":"max-snippet:-1","max-image-preview":"max-image-preview:large","max-video-preview":"max-video-preview:-1"},"canonical":"https:\/\/www.hotelduparc-montpellier.com\/it\/come-arrivare\/","og_locale":"it_IT","og_type":"article","og_title":"Come arrivare - Hotel du parc","og_description":"Grazie alla nostra posizione nel centro di Montpellier potrete raggiungere facilmente la nostra struttura. Ci sono molti modi per arrivare: in aereo all&#8217;aeroporto di Montpellier M\u00e9diterran\u00e9e, in treno alla stazione di St Roch o alla stazione Sud de France. In tram oppure in auto tramite l&#8217;autostrada. A Montpellier, l&#8217;H\u00f4tel du Parc vi accoglie a pochi [&hellip;]","og_url":"https:\/\/www.hotelduparc-montpellier.com\/it\/come-arrivare\/","og_site_name":"Hotel du parc","article_modified_time":"2020-11-16T11:45:27+00:00","twitter_card":"summary_large_image","twitter_misc":{"Tempo di lettura stimato":"1 minuto"},"schema":{"@context":"https:\/\/schema.org","@graph":[{"@type":"WebPage","@id":"https:\/\/www.hotelduparc-montpellier.com\/it\/come-arrivare\/","url":"https:\/\/www.hotelduparc-montpellier.com\/it\/come-arrivare\/","name":"Come arrivare - Hotel du parc","isPartOf":{"@id":"https:\/\/www.hotelduparc-montpellier.com\/it\/#website"},"datePublished":"2020-10-20T16:42:38+00:00","dateModified":"2020-11-16T11:45:27+00:00","breadcrumb":{"@id":"https:\/\/www.hotelduparc-montpellier.com\/it\/come-arrivare\/#breadcrumb"},"inLanguage":"it-IT","potentialAction":[{"@type":"ReadAction","target":["https:\/\/www.hotelduparc-montpellier.com\/it\/come-arrivare\/"]}]},{"@type":"BreadcrumbList","@id":"https:\/\/www.hotelduparc-montpellier.com\/it\/come-arrivare\/#breadcrumb","itemListElement":[{"@type":"ListItem","position":1,"name":"Accueil","item":"https:\/\/www.hotelduparc-montpellier.com\/it\/"},{"@type":"ListItem","position":2,"name":"Come arrivare"}]},{"@type":"WebSite","@id":"https:\/\/www.hotelduparc-montpellier.com\/it\/#website","url":"https:\/\/www.hotelduparc-montpellier.com\/it\/","name":"Hotel du parc","description":"","potentialAction":[{"@type":"SearchAction","target":{"@type":"EntryPoint","urlTemplate":"https:\/\/www.hotelduparc-montpellier.com\/it\/?s={search_term_string}"},"query-input":{"@type":"PropertyValueSpecification","valueRequired":true,"valueName":"search_term_string"}}],"inLanguage":"it-IT"}]}},"acf":[],"_links":{"self":[{"href":"https:\/\/www.hotelduparc-montpellier.com\/it\/wp-json\/wp\/v2\/pages\/193","targetHints":{"allow":["GET"]}}],"collection":[{"href":"https:\/\/www.hotelduparc-montpellier.com\/it\/wp-json\/wp\/v2\/pages"}],"about":[{"href":"https:\/\/www.hotelduparc-montpellier.com\/it\/wp-json\/wp\/v2\/types\/page"}],"author":[{"embeddable":true,"href":"https:\/\/www.hotelduparc-montpellier.com\/it\/wp-json\/wp\/v2\/users\/15"}],"replies":[{"embeddable":true,"href":"https:\/\/www.hotelduparc-montpellier.com\/it\/wp-json\/wp\/v2\/comments?post=193"}],"version-history":[{"count":0,"href":"https:\/\/www.hotelduparc-montpellier.com\/it\/wp-json\/wp\/v2\/pages\/193\/revisions"}],"wp:attachment":[{"href":"https:\/\/www.hotelduparc-montpellier.com\/it\/wp-json\/wp\/v2\/media?parent=193"}],"curies":[{"name":"wp","href":"https:\/\/api.w.org\/{rel}","templated":true}]}}