{"id":198,"date":"2020-10-20T19:10:10","date_gmt":"2020-10-20T17:10:10","guid":{"rendered":"http:\/\/parc-montpellier.ms.decms.eu\/?page_id=198"},"modified":"2020-11-13T10:30:41","modified_gmt":"2020-11-13T09:30:41","slug":"note-legali","status":"publish","type":"page","link":"https:\/\/www.hotelduparc-montpellier.com\/it\/note-legali\/","title":{"rendered":"Note legali"},"content":{"rendered":"<p><span style=\"font-weight: 400;\">In vigore al 21\/05\/2020<\/span><\/p>\n<p><span style=\"font-weight: 400;\">In conformit\u00e0 con le disposizioni degli articoli 6-III e 19 della legge francese n\u00b0 2004-575 del 21 giugno 2004 sulla Fiducia nell&#8217;economia digitale, nota come L.C.E.N., queste note legali sono messe a conoscenza degli utenti del sito<\/span><a href=\"http:\/\/www.hotelduparc-montpellier.com\/\"><span style=\"font-weight: 400;\"> www.hotelduparc-montpellier.com<\/span><\/a><span style=\"font-weight: 400;\">.<\/span><\/p>\n<p><span style=\"font-weight: 400;\">Il collegamento e la navigazione sul sito<\/span><a href=\"http:\/\/www.hotelduparc-montpellier.com\/\"><span style=\"font-weight: 400;\"> www.hotelduparc-montpellier.com<\/span><\/a><span style=\"font-weight: 400;\"> da parte dell&#8217;utente implica l&#8217;accettazione piena e senza riserve delle presenti note legali.<\/span><\/p>\n<p><span style=\"font-weight: 400;\">Queste sono accessibili sul sito alla voce &#8220;Note legali&#8221;.<\/span><\/p>\n<p><strong>ARTICOLO 1- L&#8217;editor del sito<\/strong><br \/>\n<span style=\"font-weight: 400;\">Societ\u00e0:<\/span> : SARL H\u00d4TEL DU PARC FAUBOURG BOUTONNET<br \/>\n<span style=\"font-weight: 400;\">Indirizzo: <\/span> 8 Rue Achille B\u00e9g\u00e9, 34090 MONTPELLIER, France<br \/>\n<span style=\"font-weight: 400;\">Sede legale:<\/span> 8 Rue Achille B\u00e9g\u00e9, 34090 MONTPELLIER France<br \/>\nT\u00e9l\u00e9phone : +33 (0)4 67 41 16 49<br \/>\nEmail : contact@leparc34.fr<br \/>\n<span style=\"font-weight: 400;\">SIREN:<\/span> 807 472 253<br \/>\nSIRET: 807 472 253 000 10<br \/>\n<span style=\"font-weight: 400;\">Codice APE: <\/span>5510Z<br \/>\n<span style=\"font-weight: 400;\">Capitale sociale:<\/span> 650 000\u20ac<\/p>\n<p><span style=\"font-weight: 400;\">Numero di partita IVA intracomunitaria:\u00a0<\/span>FR75807472253<br \/>\n<span style=\"font-weight: 400;\">Direttore della pubblicazione: <\/span> Nicolas Callejon<\/p>\n<p>&nbsp;<\/p>\n<p><strong>ARTICOLO 2 &#8211; Host<br \/>\n<\/strong>L&#8217;host del sito \u00e8 D-EDGE, la cui sede legale si trova in 66 rue des archives &#8211; 75003 Paris. +33 (0) 1 76 44 04 35<\/p>\n<p>&nbsp;<\/p>\n<p><strong>ARTICOLO 3 &#8211; Accesso al sito<br \/>\n<\/strong>Il sito \u00e8 accessibile da qualsiasi luogo, 7 giorni su 7, 24 ore su 24, salvo casi di forza maggiore, interruzioni pianificate o impreviste e che possono derivare da necessit\u00e0 di manutenzione.<\/p>\n<p><span style=\"font-weight: 400;\">In caso di modifica, interruzione o sospensione dei servizi, il sito<\/span><a href=\"http:\/\/www.hotelduparc-montpellier.com\"><span style=\"font-weight: 400;\"> www.hotelduparc-montpellier.com <\/span><\/a><span style=\"font-weight: 400;\">non pu\u00f2 essere ritenuto responsabile.<\/span><\/p>\n<p>&nbsp;<\/p>\n<p><strong>ARTICOLO 4 &#8211; Raccolta dati<br \/>\n<\/strong><\/p>\n<p><span style=\"font-weight: 400;\">Il sito fornisce all&#8217;utente la raccolta e il trattamento dei dati personali nel rispetto della privacy ai sensi della legge n. 78-17 del 6 gennaio 1978 relativa a computer, file e libert\u00e0. Il sito \u00e8 stato dichiarato alla CNIL.<\/span><\/p>\n<p><span style=\"font-weight: 400;\">Ai sensi della legge francese Informatique et Libert\u00e9s, del 6 gennaio 1978, l&#8217;utente ha il diritto di accedere, rettificare, cancellare e opporsi ai propri dati personali.<\/span><\/p>\n<p><span style=\"font-weight: 400;\">L&#8217;Utente esercita questo diritto:<br \/>\n<\/span>\u2022 Tramite email all&#8217;indirizzo: <a href=\"mailto:nc@leparc34.fr\">nc@leparc34.fr<\/a><br \/>\n\u2022 Tramite un modulo di contatto<\/p>\n<p>&nbsp;<\/p>\n<p><strong>ARTICOLO 5 &#8211; Cookie<br \/>\n<\/strong>L&#8217;utente \u00e8 informato che durante le sue visite al sito, un cookie potrebbe essere salvato automaticamente nel suo browser.<br \/>\nNavigando nel sito, li accetta.<br \/>\nUn cookie \u00e8 un elemento che non identifica l&#8217;Utente ma viene utilizzato per registrare informazioni relative alla navigazione dell&#8217;utente sul sito. L&#8217;utente pu\u00f2 disattivare questo cookie attraverso le impostazioni del proprio browser.<\/p>\n<p>&nbsp;<\/p>\n<p><strong>ARTICOLO 6 &#8211; Propriet\u00e0 intellettuale<br \/>\n<\/strong>Qualsiasi utilizzo, riproduzione, distribuzione, marketing, modifica di tutto o parte del sito<a href=\"http:\/\/www.hotelduparc-montpellier.com\/\"> www.hotelduparc-montpellier.com<\/a>, senza il permesso dell&#8217;Editor \u00e8 vietato e pu\u00f2 dar luogo ad azioni e procedimenti legali come previsto in particolare dal Codice della propriet\u00e0. propriet\u00e0 intellettuale e dal Codice civile.<\/p>\n<p>&nbsp;<\/p>\n<p><strong>ARTICOLO 7 &#8211; Accoglienza di persone con mobilit\u00e0 ridotta<br \/>\n<\/strong>La reception, il salone, la terrazza e le camere al piano terra dell&#8217;H\u00f4tel du Parc sono accessibili alle persone con mobilit\u00e0 ridotta.<br \/>\nPurtroppo le camere situate al piano superiore non sono accessibili alle persone con mobilit\u00e0 ridotta.<\/p>\n<p>&nbsp;<\/p>\n<p><strong>ARTICOLO 8 &#8211; Animali domestici<br \/>\n<\/strong>Per motivi igienici, l&#8217;H\u00f4tel du Parc non accetta animali domestici.<\/p>\n<p>&nbsp;<\/p>\n<p><strong>ARTICOLO 9 &#8211; Condizioni di prenotazione e prezzi<br \/>\n<\/strong>TASSA DI SOGGIORNO: la tassa di soggiorno applicabile non \u00e8 inclusa nella tariffa visualizzata da pagare all&#8217;arrivo (al check-in): 0,99 euro \/ adulto \/ notte.<\/p>\n<p><span style=\"font-weight: 400;\">In caso di &#8220;no show&#8221; (mancato arrivo senza cancellazione) o cancellazione effettuata oltre le 48 ore prima delle ore 12:00 del giorno previsto di arrivo, sar\u00e0 dovuta una penale dell&#8217;importo totale della prima notte senza possibilit\u00e0 di rimborso. Riceverete una fattura dopo aver inviato una richiesta a <a href=\"mailto:contact@leparc34.fr\">contact@leparc34.fr<\/a><br \/>\n<\/span>Il parcheggio non \u00e8 prenotabile e non \u00e8 incluso nella prenotazione. I posti sono limitati e verranno assegnati in base all&#8217;ordine di arrivo.<\/p>\n<p>INFORMAZIONI:<br \/>\nCheck-in: 14:00 \/ Check-out: 11:00, se l&#8217;orario di partenza non viene rispettato, potr\u00e0 essere applicata una penale di una notte.<br \/>\nIl 1\u00b0 e il 2\u00b0 piano non sono accessibili tramite ascensore. Confermando la prenotazione, confermate anche di accettare le condizioni di vendita.<\/p>\n<p>&nbsp;<\/p>\n<p><strong>ARTICOLO 10 &#8211; Divieto di fumare<br \/>\n<\/strong>L&#8217;H\u00f4tel du Parc \u00e8 una struttura completamente per non fumatori. L&#8217;H\u00f4tel du Parc pu\u00f2 richiedere un risarcimento economico ai clienti che non rispettano questo divieto oltre alla multa definita dalla legge. Fumare in un locale a uso collettivo al di fuori dello spazio riservato a tal fine \u00e8 punibile con una multa fino a 450 \u20ac. Lo svapo in un luogo ad uso collettivo \u00e8 punibile con una multa fino a 150 \u20ac.<\/p>\n","protected":false},"excerpt":{"rendered":"<p>In vigore al 21\/05\/2020 In conformit\u00e0 con le disposizioni degli articoli 6-III e 19 della legge francese n\u00b0 2004-575 del 21 giugno 2004 sulla Fiducia nell&#8217;economia digitale, nota come L.C.E.N., queste note legali sono messe a conoscenza degli utenti del sito www.hotelduparc-montpellier.com. Il collegamento e la navigazione sul sito www.hotelduparc-montpellier.com da parte dell&#8217;utente implica l&#8217;accettazione [&hellip;]<\/p>\n","protected":false},"author":15,"featured_media":0,"parent":0,"menu_order":0,"comment_status":"closed","ping_status":"closed","template":"","meta":{"footnotes":""},"class_list":["post-198","page","type-page","status-publish","hentry"],"yoast_head":"<!-- This site is optimized with the Yoast SEO plugin v26.9 - https:\/\/yoast.com\/product\/yoast-seo-wordpress\/ -->\n<title>Note legali - Hotel du parc<\/title>\n<meta name=\"robots\" content=\"index, follow, max-snippet:-1, max-image-preview:large, max-video-preview:-1\" \/>\n<link rel=\"canonical\" href=\"https:\/\/www.hotelduparc-montpellier.com\/it\/note-legali\/\" \/>\n<meta property=\"og:locale\" content=\"it_IT\" \/>\n<meta property=\"og:type\" content=\"article\" \/>\n<meta property=\"og:title\" content=\"Note legali - Hotel du parc\" \/>\n<meta property=\"og:description\" content=\"In vigore al 21\/05\/2020 In conformit\u00e0 con le disposizioni degli articoli 6-III e 19 della legge francese n\u00b0 2004-575 del 21 giugno 2004 sulla Fiducia nell&#8217;economia digitale, nota come L.C.E.N., queste note legali sono messe a conoscenza degli utenti del sito www.hotelduparc-montpellier.com. Il collegamento e la navigazione sul sito www.hotelduparc-montpellier.com da parte dell&#8217;utente implica l&#8217;accettazione [&hellip;]\" \/>\n<meta property=\"og:url\" content=\"https:\/\/www.hotelduparc-montpellier.com\/it\/note-legali\/\" \/>\n<meta property=\"og:site_name\" content=\"Hotel du parc\" \/>\n<meta property=\"article:modified_time\" content=\"2020-11-13T09:30:41+00:00\" \/>\n<meta name=\"twitter:card\" content=\"summary_large_image\" \/>\n<meta name=\"twitter:label1\" content=\"Tempo di lettura stimato\" \/>\n\t<meta name=\"twitter:data1\" content=\"3 minuti\" \/>\n<script type=\"application\/ld+json\" class=\"yoast-schema-graph\">{\"@context\":\"https:\/\/schema.org\",\"@graph\":[{\"@type\":\"WebPage\",\"@id\":\"https:\/\/www.hotelduparc-montpellier.com\/it\/note-legali\/\",\"url\":\"https:\/\/www.hotelduparc-montpellier.com\/it\/note-legali\/\",\"name\":\"Note legali - Hotel du parc\",\"isPartOf\":{\"@id\":\"https:\/\/www.hotelduparc-montpellier.com\/it\/#website\"},\"datePublished\":\"2020-10-20T17:10:10+00:00\",\"dateModified\":\"2020-11-13T09:30:41+00:00\",\"breadcrumb\":{\"@id\":\"https:\/\/www.hotelduparc-montpellier.com\/it\/note-legali\/#breadcrumb\"},\"inLanguage\":\"it-IT\",\"potentialAction\":[{\"@type\":\"ReadAction\",\"target\":[\"https:\/\/www.hotelduparc-montpellier.com\/it\/note-legali\/\"]}]},{\"@type\":\"BreadcrumbList\",\"@id\":\"https:\/\/www.hotelduparc-montpellier.com\/it\/note-legali\/#breadcrumb\",\"itemListElement\":[{\"@type\":\"ListItem\",\"position\":1,\"name\":\"Accueil\",\"item\":\"https:\/\/www.hotelduparc-montpellier.com\/it\/\"},{\"@type\":\"ListItem\",\"position\":2,\"name\":\"Note legali\"}]},{\"@type\":\"WebSite\",\"@id\":\"https:\/\/www.hotelduparc-montpellier.com\/it\/#website\",\"url\":\"https:\/\/www.hotelduparc-montpellier.com\/it\/\",\"name\":\"Hotel du parc\",\"description\":\"\",\"potentialAction\":[{\"@type\":\"SearchAction\",\"target\":{\"@type\":\"EntryPoint\",\"urlTemplate\":\"https:\/\/www.hotelduparc-montpellier.com\/it\/?s={search_term_string}\"},\"query-input\":{\"@type\":\"PropertyValueSpecification\",\"valueRequired\":true,\"valueName\":\"search_term_string\"}}],\"inLanguage\":\"it-IT\"}]}<\/script>\n<!-- \/ Yoast SEO plugin. -->","yoast_head_json":{"title":"Note legali - Hotel du parc","robots":{"index":"index","follow":"follow","max-snippet":"max-snippet:-1","max-image-preview":"max-image-preview:large","max-video-preview":"max-video-preview:-1"},"canonical":"https:\/\/www.hotelduparc-montpellier.com\/it\/note-legali\/","og_locale":"it_IT","og_type":"article","og_title":"Note legali - Hotel du parc","og_description":"In vigore al 21\/05\/2020 In conformit\u00e0 con le disposizioni degli articoli 6-III e 19 della legge francese n\u00b0 2004-575 del 21 giugno 2004 sulla Fiducia nell&#8217;economia digitale, nota come L.C.E.N., queste note legali sono messe a conoscenza degli utenti del sito www.hotelduparc-montpellier.com. Il collegamento e la navigazione sul sito www.hotelduparc-montpellier.com da parte dell&#8217;utente implica l&#8217;accettazione [&hellip;]","og_url":"https:\/\/www.hotelduparc-montpellier.com\/it\/note-legali\/","og_site_name":"Hotel du parc","article_modified_time":"2020-11-13T09:30:41+00:00","twitter_card":"summary_large_image","twitter_misc":{"Tempo di lettura stimato":"3 minuti"},"schema":{"@context":"https:\/\/schema.org","@graph":[{"@type":"WebPage","@id":"https:\/\/www.hotelduparc-montpellier.com\/it\/note-legali\/","url":"https:\/\/www.hotelduparc-montpellier.com\/it\/note-legali\/","name":"Note legali - Hotel du parc","isPartOf":{"@id":"https:\/\/www.hotelduparc-montpellier.com\/it\/#website"},"datePublished":"2020-10-20T17:10:10+00:00","dateModified":"2020-11-13T09:30:41+00:00","breadcrumb":{"@id":"https:\/\/www.hotelduparc-montpellier.com\/it\/note-legali\/#breadcrumb"},"inLanguage":"it-IT","potentialAction":[{"@type":"ReadAction","target":["https:\/\/www.hotelduparc-montpellier.com\/it\/note-legali\/"]}]},{"@type":"BreadcrumbList","@id":"https:\/\/www.hotelduparc-montpellier.com\/it\/note-legali\/#breadcrumb","itemListElement":[{"@type":"ListItem","position":1,"name":"Accueil","item":"https:\/\/www.hotelduparc-montpellier.com\/it\/"},{"@type":"ListItem","position":2,"name":"Note legali"}]},{"@type":"WebSite","@id":"https:\/\/www.hotelduparc-montpellier.com\/it\/#website","url":"https:\/\/www.hotelduparc-montpellier.com\/it\/","name":"Hotel du parc","description":"","potentialAction":[{"@type":"SearchAction","target":{"@type":"EntryPoint","urlTemplate":"https:\/\/www.hotelduparc-montpellier.com\/it\/?s={search_term_string}"},"query-input":{"@type":"PropertyValueSpecification","valueRequired":true,"valueName":"search_term_string"}}],"inLanguage":"it-IT"}]}},"acf":[],"_links":{"self":[{"href":"https:\/\/www.hotelduparc-montpellier.com\/it\/wp-json\/wp\/v2\/pages\/198","targetHints":{"allow":["GET"]}}],"collection":[{"href":"https:\/\/www.hotelduparc-montpellier.com\/it\/wp-json\/wp\/v2\/pages"}],"about":[{"href":"https:\/\/www.hotelduparc-montpellier.com\/it\/wp-json\/wp\/v2\/types\/page"}],"author":[{"embeddable":true,"href":"https:\/\/www.hotelduparc-montpellier.com\/it\/wp-json\/wp\/v2\/users\/15"}],"replies":[{"embeddable":true,"href":"https:\/\/www.hotelduparc-montpellier.com\/it\/wp-json\/wp\/v2\/comments?post=198"}],"version-history":[{"count":0,"href":"https:\/\/www.hotelduparc-montpellier.com\/it\/wp-json\/wp\/v2\/pages\/198\/revisions"}],"wp:attachment":[{"href":"https:\/\/www.hotelduparc-montpellier.com\/it\/wp-json\/wp\/v2\/media?parent=198"}],"curies":[{"name":"wp","href":"https:\/\/api.w.org\/{rel}","templated":true}]}}